{"id":196,"date":"2025-11-07T11:11:42","date_gmt":"2025-11-07T11:11:42","guid":{"rendered":"https:\/\/pannkaka2go.com\/?page_id=196"},"modified":"2025-11-07T12:07:00","modified_gmt":"2025-11-07T12:07:00","slug":"allergenlista","status":"publish","type":"page","link":"https:\/\/pannkaka2go.com\/?page_id=196","title":{"rendered":"Allergenlista"},"content":{"rendered":"<div class=\"wpb-content-wrapper\"><p>[vc_row][vc_column][vc_empty_space][vc_custom_heading text=&#8221;Allergenlista&#8221; font_container=&#8221;tag:h1|text_align:center&#8221; use_theme_fonts=&#8221;yes&#8221; css_animation=&#8221;fadeIn&#8221;][vc_separator color=&#8221;custom&#8221; el_width=&#8221;30&#8243; css_animation=&#8221;slideInDown&#8221; accent_color=&#8221;#636363&#8243;][vc_empty_space][\/vc_column][\/vc_row][vc_row][vc_column width=&#8221;1\/4&#8243;][\/vc_column][vc_column width=&#8221;1\/2&#8243;][vc_custom_heading text=&#8221;Grundrecept f\u00f6r pannkakor&#8221; font_container=&#8221;tag:h1|text_align:center&#8221; use_theme_fonts=&#8221;yes&#8221; css_animation=&#8221;fadeInLeft&#8221;][vc_column_text css_animation=&#8221;fadeInLeft&#8221;]<\/p>\n<p style=\"text-align: center;\">S\u00f6t pannkakssmet: Vete, havreprodukt, socker, salt.<\/p>\n<p style=\"text-align: center;\">Allergen: Gluten<\/p>\n<p style=\"text-align: center;\">Salt pannkakssmet: Vete, havreprodukt, majsprodukt, olivolja, salt.<\/p>\n<p style=\"text-align: center;\">Allergen: Gluten<\/p>\n<p>[\/vc_column_text][\/vc_column][vc_column width=&#8221;1\/4&#8243;][\/vc_column][\/vc_row][vc_row][vc_column width=&#8221;1\/4&#8243;][\/vc_column][vc_column width=&#8221;1\/2&#8243;][vc_custom_heading text=&#8221;S\u00f6ta pannkakor&#8221; font_container=&#8221;tag:h1|text_align:center&#8221; use_theme_fonts=&#8221;yes&#8221; css_animation=&#8221;fadeInRight&#8221;][vc_column_text css_animation=&#8221;fadeInRight&#8221;]<\/p>\n<h2 style=\"text-align: center;\">Nutellino<\/h2>\n<p style=\"text-align: center;\">Ingredienser: S\u00f6t pannkakssmet, Nutella, Linolada, vaniljglass, smulade kex, malda valn\u00f6tter, vit choklads\u00e5s, choklads\u00e5s, hasseln\u00f6tss\u00e5s.<\/p>\n<p style=\"text-align: center;\">Allergener: Gluten, Hasseln\u00f6tter, Valn\u00f6tter, Mj\u00f6lk, Soja<\/p>\n<h2 style=\"text-align: center;\">Raffaello<\/h2>\n<p style=\"text-align: center;\">Ingredienser: S\u00f6t pannkakssmet, Linolada, vit choklads\u00e5s, kokos, gr\u00e4dde, malda mandlar.<\/p>\n<p style=\"text-align: center;\">Allergener: Gluten, Hasseln\u00f6tter, Mandlar, Mj\u00f6lk, Soja<\/p>\n<h2 style=\"text-align: center;\">Apple<\/h2>\n<p style=\"text-align: center;\">Ingredienser: S\u00f6t pannkakssmet, \u00e4ppelmos, vaniljkr\u00e4m, malda valn\u00f6tter, kanel, florsocker.<\/p>\n<p style=\"text-align: center;\">Allergener: Gluten, Valn\u00f6tter, Mj\u00f6lk<\/p>\n<h2 style=\"text-align: center;\">True Banana<\/h2>\n<p style=\"text-align: center;\">Ingredienser: S\u00f6t pannkakssmet, Nutella, chokladkr\u00e4m, vit choklads\u00e5s, choklads\u00e5s, banan.<\/p>\n<p style=\"text-align: center;\">Allergener: Gluten, Hasseln\u00f6tter, Mj\u00f6lk, Soja<\/p>\n<h2 style=\"text-align: center;\">Jordgubb<\/h2>\n<p style=\"text-align: center;\">Ingredienser: S\u00f6t pannkakssmet, jordgubbssylt, jordgubbss\u00e5s.<\/p>\n<p style=\"text-align: center;\">Allergener: Gluten<\/p>\n<h2 style=\"text-align: center;\">Petra\u2019s Favourite<\/h2>\n<p style=\"text-align: center;\">Ingredienser: S\u00f6t pannkakssmet, Linolada, surk\u00f6rsb\u00e4rssylt, karamells\u00e5s.<\/p>\n<p style=\"text-align: center;\">Allergener: Gluten, Hasseln\u00f6tter, Mj\u00f6lk, Soja<\/p>\n<h2 style=\"text-align: center;\">Chocoloco<\/h2>\n<p style=\"text-align: center;\">Ingredienser: S\u00f6t pannkakssmet, Nutella, chokladkr\u00e4m, gr\u00e4dde, choklads\u00e5s, vit choklads\u00e5s.<\/p>\n<p style=\"text-align: center;\">Allergener: Gluten, Hasseln\u00f6tter, Mj\u00f6lk, Soja<\/p>\n<h2 style=\"text-align: center;\">Chonana<\/h2>\n<p style=\"text-align: center;\">Ingredienser: S\u00f6t pannkakssmet, Nutella, vaniljkr\u00e4m, tv\u00e5 chokladbananer, smulade kex, choklads\u00e5s.<\/p>\n<p style=\"text-align: center;\">Allergener: Gluten, Hasseln\u00f6tter, Mj\u00f6lk, Soja<\/p>\n<h2 style=\"text-align: center;\">Peanut Choco<\/h2>\n<p style=\"text-align: center;\">Ingredienser: S\u00f6t pannkakssmet, Nutella, jordn\u00f6tssm\u00f6r, vaniljglass, Nutella som topping.<\/p>\n<p style=\"text-align: center;\">Allergener: Gluten, Hasseln\u00f6tter, Jordn\u00f6tter, Mj\u00f6lk, Soja<\/p>\n<h2 style=\"text-align: center;\">Jam<\/h2>\n<p style=\"text-align: center;\">Ingredienser: S\u00f6t pannkakssmet, jordgubbssylt, florsocker.<\/p>\n<p style=\"text-align: center;\">Allergener: Gluten<\/p>\n<p>[\/vc_column_text][\/vc_column][vc_column width=&#8221;1\/4&#8243;][\/vc_column][\/vc_row][vc_row][vc_column width=&#8221;1\/4&#8243;][\/vc_column][vc_column width=&#8221;1\/2&#8243;][vc_custom_heading text=&#8221;Salta pannkakor&#8221; font_container=&#8221;tag:h1|text_align:center&#8221; use_theme_fonts=&#8221;yes&#8221; css_animation=&#8221;fadeInLeft&#8221;][vc_column_text css_animation=&#8221;fadeInLeft&#8221;]<\/p>\n<h2 style=\"text-align: center;\">R\u00f6kt n\u00f6tk\u00f6tt<\/h2>\n<p style=\"text-align: center;\">Ingredienser: Salt pannkakssmet, r\u00f6kt n\u00f6tk\u00f6tt, goudaost, parmesanost, tartars\u00e5s, inlagda gurkor, sallad.<\/p>\n<p style=\"text-align: center;\">Allergener: Gluten, Mj\u00f6lk, \u00c4gg<\/p>\n<h2 style=\"text-align: center;\">Prosciutto<\/h2>\n<p style=\"text-align: center;\">Ingredienser: Salt pannkakssmet, prosciutto, goudaost, parmesanost, tartars\u00e5s, inlagda gurkor, sallad.<\/p>\n<p style=\"text-align: center;\">Allergener: Gluten, Mj\u00f6lk, \u00c4gg<\/p>\n<h2 style=\"text-align: center;\">Pressad skinka<\/h2>\n<p style=\"text-align: center;\">Ingredienser: Salt pannkakssmet, pressad skinka (fl\u00e4sk eller kalkon), goudaost, parmesanost, tartars\u00e5s, inlagda gurkor, sallad.<\/p>\n<p style=\"text-align: center;\">Allergener: Gluten, Mj\u00f6lk, \u00c4gg<\/p>\n<h2 style=\"text-align: center;\">Vegetarisk<\/h2>\n<p style=\"text-align: center;\">Ingredienser: Salt pannkakssmet, goudaost, parmesanost, tartars\u00e5s, inlagda gurkor, sallad.<\/p>\n<p style=\"text-align: center;\">Allergener: Gluten, Mj\u00f6lk, \u00c4gg<\/p>\n<p style=\"text-align: center;\">Vid fr\u00e5gor eller ytterligare information st\u00e5r vi g\u00e4rna till f\u00f6rfogande.<\/p>\n<p>[\/vc_column_text][\/vc_column][vc_column width=&#8221;1\/4&#8243;][\/vc_column][\/vc_row][vc_row][vc_column][\/vc_column][\/vc_row]<\/p>\n<\/div>","protected":false},"excerpt":{"rendered":"<p>[vc_row][vc_column][vc_empty_space][vc_custom_heading text=&#8221;Allergenlista&#8221; font_container=&#8221;tag:h1|text_align:center&#8221; use_theme_fonts=&#8221;yes&#8221; css_animation=&#8221;fadeIn&#8221;][vc_separator color=&#8221;custom&#8221; el_width=&#8221;30&#8243; css_animation=&#8221;slideInDown&#8221; accent_color=&#8221;#636363&#8243;][vc_empty_space][\/vc_column][\/vc_row][vc_row][vc_column width=&#8221;1\/4&#8243;][\/vc_column][vc_column width=&#8221;1\/2&#8243;][vc_custom_heading text=&#8221;Grundrecept f\u00f6r pannkakor&#8221; font_container=&#8221;tag:h1|text_align:center&#8221; use_theme_fonts=&#8221;yes&#8221; css_animation=&#8221;fadeInLeft&#8221;][vc_column_text css_animation=&#8221;fadeInLeft&#8221;] S\u00f6t pannkakssmet: Vete, havreprodukt, socker, salt. Allergen: Gluten Salt pannkakssmet: Vete, havreprodukt, majsprodukt, olivolja, salt. Allergen: Gluten [\/vc_column_text][\/vc_column][vc_column width=&#8221;1\/4&#8243;][\/vc_column][\/vc_row][vc_row][vc_column width=&#8221;1\/4&#8243;][\/vc_column][vc_column width=&#8221;1\/2&#8243;][vc_custom_heading text=&#8221;S\u00f6ta pannkakor&#8221; font_container=&#8221;tag:h1|text_align:center&#8221; use_theme_fonts=&#8221;yes&#8221; css_animation=&#8221;fadeInRight&#8221;][vc_column_text css_animation=&#8221;fadeInRight&#8221;] Nutellino Ingredienser: S\u00f6t pannkakssmet, Nutella, Linolada, vaniljglass, smulade kex, malda [&hellip;]<\/p>\n","protected":false},"author":1,"featured_media":0,"parent":0,"menu_order":0,"comment_status":"closed","ping_status":"closed","template":"","meta":{"ocean_post_layout":"","ocean_both_sidebars_style":"","ocean_both_sidebars_content_width":0,"ocean_both_sidebars_sidebars_width":0,"ocean_sidebar":"","ocean_second_sidebar":"","ocean_disable_margins":"enable","ocean_add_body_class":"","ocean_shortcode_before_top_bar":"","ocean_shortcode_after_top_bar":"","ocean_shortcode_before_header":"","ocean_shortcode_after_header":"","ocean_has_shortcode":"","ocean_shortcode_after_title":"","ocean_shortcode_before_footer_widgets":"","ocean_shortcode_after_footer_widgets":"","ocean_shortcode_before_footer_bottom":"","ocean_shortcode_after_footer_bottom":"","ocean_display_top_bar":"default","ocean_display_header":"default","ocean_header_style":"","ocean_center_header_left_menu":"","ocean_custom_header_template":"","ocean_custom_logo":0,"ocean_custom_retina_logo":0,"ocean_custom_logo_max_width":0,"ocean_custom_logo_tablet_max_width":0,"ocean_custom_logo_mobile_max_width":0,"ocean_custom_logo_max_height":0,"ocean_custom_logo_tablet_max_height":0,"ocean_custom_logo_mobile_max_height":0,"ocean_header_custom_menu":"","ocean_menu_typo_font_family":"","ocean_menu_typo_font_subset":"","ocean_menu_typo_font_size":0,"ocean_menu_typo_font_size_tablet":0,"ocean_menu_typo_font_size_mobile":0,"ocean_menu_typo_font_size_unit":"px","ocean_menu_typo_font_weight":"","ocean_menu_typo_font_weight_tablet":"","ocean_menu_typo_font_weight_mobile":"","ocean_menu_typo_transform":"","ocean_menu_typo_transform_tablet":"","ocean_menu_typo_transform_mobile":"","ocean_menu_typo_line_height":0,"ocean_menu_typo_line_height_tablet":0,"ocean_menu_typo_line_height_mobile":0,"ocean_menu_typo_line_height_unit":"","ocean_menu_typo_spacing":0,"ocean_menu_typo_spacing_tablet":0,"ocean_menu_typo_spacing_mobile":0,"ocean_menu_typo_spacing_unit":"","ocean_menu_link_color":"","ocean_menu_link_color_hover":"","ocean_menu_link_color_active":"","ocean_menu_link_background":"","ocean_menu_link_hover_background":"","ocean_menu_link_active_background":"","ocean_menu_social_links_bg":"","ocean_menu_social_hover_links_bg":"","ocean_menu_social_links_color":"","ocean_menu_social_hover_links_color":"","ocean_disable_title":"default","ocean_disable_heading":"default","ocean_post_title":"","ocean_post_subheading":"","ocean_post_title_style":"","ocean_post_title_background_color":"","ocean_post_title_background":0,"ocean_post_title_bg_image_position":"","ocean_post_title_bg_image_attachment":"","ocean_post_title_bg_image_repeat":"","ocean_post_title_bg_image_size":"","ocean_post_title_height":0,"ocean_post_title_bg_overlay":0.5,"ocean_post_title_bg_overlay_color":"","ocean_disable_breadcrumbs":"default","ocean_breadcrumbs_color":"","ocean_breadcrumbs_separator_color":"","ocean_breadcrumbs_links_color":"","ocean_breadcrumbs_links_hover_color":"","ocean_display_footer_widgets":"default","ocean_display_footer_bottom":"default","ocean_custom_footer_template":"","footnotes":""},"class_list":["post-196","page","type-page","status-publish","hentry","entry"],"yoast_head":"<!-- This site is optimized with the Yoast SEO plugin v24.5 - https:\/\/yoast.com\/wordpress\/plugins\/seo\/ -->\n<title>Allergenlista - Pannkaka 2 go<\/title>\n<meta name=\"robots\" content=\"index, follow, max-snippet:-1, max-image-preview:large, max-video-preview:-1\" \/>\n<link rel=\"canonical\" href=\"https:\/\/pannkaka2go.com\/?page_id=196\" \/>\n<meta property=\"og:locale\" content=\"en_US\" \/>\n<meta property=\"og:type\" content=\"article\" \/>\n<meta property=\"og:title\" content=\"Allergenlista - Pannkaka 2 go\" \/>\n<meta property=\"og:description\" content=\"[vc_row][vc_column][vc_empty_space][vc_custom_heading text=&#8221;Allergenlista&#8221; font_container=&#8221;tag:h1|text_align:center&#8221; use_theme_fonts=&#8221;yes&#8221; css_animation=&#8221;fadeIn&#8221;][vc_separator color=&#8221;custom&#8221; el_width=&#8221;30&#8243; css_animation=&#8221;slideInDown&#8221; accent_color=&#8221;#636363&#8243;][vc_empty_space][\/vc_column][\/vc_row][vc_row][vc_column width=&#8221;1\/4&#8243;][\/vc_column][vc_column width=&#8221;1\/2&#8243;][vc_custom_heading text=&#8221;Grundrecept f\u00f6r pannkakor&#8221; font_container=&#8221;tag:h1|text_align:center&#8221; use_theme_fonts=&#8221;yes&#8221; css_animation=&#8221;fadeInLeft&#8221;][vc_column_text css_animation=&#8221;fadeInLeft&#8221;] S\u00f6t pannkakssmet: Vete, havreprodukt, socker, salt. Allergen: Gluten Salt pannkakssmet: Vete, havreprodukt, majsprodukt, olivolja, salt. Allergen: Gluten [\/vc_column_text][\/vc_column][vc_column width=&#8221;1\/4&#8243;][\/vc_column][\/vc_row][vc_row][vc_column width=&#8221;1\/4&#8243;][\/vc_column][vc_column width=&#8221;1\/2&#8243;][vc_custom_heading text=&#8221;S\u00f6ta pannkakor&#8221; font_container=&#8221;tag:h1|text_align:center&#8221; use_theme_fonts=&#8221;yes&#8221; css_animation=&#8221;fadeInRight&#8221;][vc_column_text css_animation=&#8221;fadeInRight&#8221;] Nutellino Ingredienser: S\u00f6t pannkakssmet, Nutella, Linolada, vaniljglass, smulade kex, malda [&hellip;]\" \/>\n<meta property=\"og:url\" content=\"https:\/\/pannkaka2go.com\/?page_id=196\" \/>\n<meta property=\"og:site_name\" content=\"Pannkaka 2 go\" \/>\n<meta property=\"article:publisher\" content=\"https:\/\/www.facebook.com\/pannkaka2go\" \/>\n<meta property=\"article:modified_time\" content=\"2025-11-07T12:07:00+00:00\" \/>\n<meta name=\"twitter:card\" content=\"summary_large_image\" \/>\n<script type=\"application\/ld+json\" class=\"yoast-schema-graph\">{\"@context\":\"https:\/\/schema.org\",\"@graph\":[{\"@type\":\"WebPage\",\"@id\":\"https:\/\/pannkaka2go.com\/?page_id=196\",\"url\":\"https:\/\/pannkaka2go.com\/?page_id=196\",\"name\":\"Allergenlista - Pannkaka 2 go\",\"isPartOf\":{\"@id\":\"https:\/\/pannkaka2go.com\/#website\"},\"datePublished\":\"2025-11-07T11:11:42+00:00\",\"dateModified\":\"2025-11-07T12:07:00+00:00\",\"breadcrumb\":{\"@id\":\"https:\/\/pannkaka2go.com\/?page_id=196#breadcrumb\"},\"inLanguage\":\"en-US\",\"potentialAction\":[{\"@type\":\"ReadAction\",\"target\":[\"https:\/\/pannkaka2go.com\/?page_id=196\"]}]},{\"@type\":\"BreadcrumbList\",\"@id\":\"https:\/\/pannkaka2go.com\/?page_id=196#breadcrumb\",\"itemListElement\":[{\"@type\":\"ListItem\",\"position\":1,\"name\":\"Home\",\"item\":\"https:\/\/pannkaka2go.com\/\"},{\"@type\":\"ListItem\",\"position\":2,\"name\":\"Allergenlista\"}]},{\"@type\":\"WebSite\",\"@id\":\"https:\/\/pannkaka2go.com\/#website\",\"url\":\"https:\/\/pannkaka2go.com\/\",\"name\":\"Pannkaka 2 go\",\"description\":\"\",\"publisher\":{\"@id\":\"https:\/\/pannkaka2go.com\/#organization\"},\"potentialAction\":[{\"@type\":\"SearchAction\",\"target\":{\"@type\":\"EntryPoint\",\"urlTemplate\":\"https:\/\/pannkaka2go.com\/?s={search_term_string}\"},\"query-input\":{\"@type\":\"PropertyValueSpecification\",\"valueRequired\":true,\"valueName\":\"search_term_string\"}}],\"inLanguage\":\"en-US\"},{\"@type\":\"Organization\",\"@id\":\"https:\/\/pannkaka2go.com\/#organization\",\"name\":\"Pannkaka 2 go\",\"url\":\"https:\/\/pannkaka2go.com\/\",\"logo\":{\"@type\":\"ImageObject\",\"inLanguage\":\"en-US\",\"@id\":\"https:\/\/pannkaka2go.com\/#\/schema\/logo\/image\/\",\"url\":\"https:\/\/pannkaka2go.com\/wp-content\/uploads\/2025\/01\/LOGO_FINAL.png\",\"contentUrl\":\"https:\/\/pannkaka2go.com\/wp-content\/uploads\/2025\/01\/LOGO_FINAL.png\",\"width\":300,\"height\":214,\"caption\":\"Pannkaka 2 go\"},\"image\":{\"@id\":\"https:\/\/pannkaka2go.com\/#\/schema\/logo\/image\/\"},\"sameAs\":[\"https:\/\/www.facebook.com\/pannkaka2go\"]}]}<\/script>\n<!-- \/ Yoast SEO plugin. -->","yoast_head_json":{"title":"Allergenlista - Pannkaka 2 go","robots":{"index":"index","follow":"follow","max-snippet":"max-snippet:-1","max-image-preview":"max-image-preview:large","max-video-preview":"max-video-preview:-1"},"canonical":"https:\/\/pannkaka2go.com\/?page_id=196","og_locale":"en_US","og_type":"article","og_title":"Allergenlista - Pannkaka 2 go","og_description":"[vc_row][vc_column][vc_empty_space][vc_custom_heading text=&#8221;Allergenlista&#8221; font_container=&#8221;tag:h1|text_align:center&#8221; use_theme_fonts=&#8221;yes&#8221; css_animation=&#8221;fadeIn&#8221;][vc_separator color=&#8221;custom&#8221; el_width=&#8221;30&#8243; css_animation=&#8221;slideInDown&#8221; accent_color=&#8221;#636363&#8243;][vc_empty_space][\/vc_column][\/vc_row][vc_row][vc_column width=&#8221;1\/4&#8243;][\/vc_column][vc_column width=&#8221;1\/2&#8243;][vc_custom_heading text=&#8221;Grundrecept f\u00f6r pannkakor&#8221; font_container=&#8221;tag:h1|text_align:center&#8221; use_theme_fonts=&#8221;yes&#8221; css_animation=&#8221;fadeInLeft&#8221;][vc_column_text css_animation=&#8221;fadeInLeft&#8221;] S\u00f6t pannkakssmet: Vete, havreprodukt, socker, salt. Allergen: Gluten Salt pannkakssmet: Vete, havreprodukt, majsprodukt, olivolja, salt. Allergen: Gluten [\/vc_column_text][\/vc_column][vc_column width=&#8221;1\/4&#8243;][\/vc_column][\/vc_row][vc_row][vc_column width=&#8221;1\/4&#8243;][\/vc_column][vc_column width=&#8221;1\/2&#8243;][vc_custom_heading text=&#8221;S\u00f6ta pannkakor&#8221; font_container=&#8221;tag:h1|text_align:center&#8221; use_theme_fonts=&#8221;yes&#8221; css_animation=&#8221;fadeInRight&#8221;][vc_column_text css_animation=&#8221;fadeInRight&#8221;] Nutellino Ingredienser: S\u00f6t pannkakssmet, Nutella, Linolada, vaniljglass, smulade kex, malda [&hellip;]","og_url":"https:\/\/pannkaka2go.com\/?page_id=196","og_site_name":"Pannkaka 2 go","article_publisher":"https:\/\/www.facebook.com\/pannkaka2go","article_modified_time":"2025-11-07T12:07:00+00:00","twitter_card":"summary_large_image","schema":{"@context":"https:\/\/schema.org","@graph":[{"@type":"WebPage","@id":"https:\/\/pannkaka2go.com\/?page_id=196","url":"https:\/\/pannkaka2go.com\/?page_id=196","name":"Allergenlista - Pannkaka 2 go","isPartOf":{"@id":"https:\/\/pannkaka2go.com\/#website"},"datePublished":"2025-11-07T11:11:42+00:00","dateModified":"2025-11-07T12:07:00+00:00","breadcrumb":{"@id":"https:\/\/pannkaka2go.com\/?page_id=196#breadcrumb"},"inLanguage":"en-US","potentialAction":[{"@type":"ReadAction","target":["https:\/\/pannkaka2go.com\/?page_id=196"]}]},{"@type":"BreadcrumbList","@id":"https:\/\/pannkaka2go.com\/?page_id=196#breadcrumb","itemListElement":[{"@type":"ListItem","position":1,"name":"Home","item":"https:\/\/pannkaka2go.com\/"},{"@type":"ListItem","position":2,"name":"Allergenlista"}]},{"@type":"WebSite","@id":"https:\/\/pannkaka2go.com\/#website","url":"https:\/\/pannkaka2go.com\/","name":"Pannkaka 2 go","description":"","publisher":{"@id":"https:\/\/pannkaka2go.com\/#organization"},"potentialAction":[{"@type":"SearchAction","target":{"@type":"EntryPoint","urlTemplate":"https:\/\/pannkaka2go.com\/?s={search_term_string}"},"query-input":{"@type":"PropertyValueSpecification","valueRequired":true,"valueName":"search_term_string"}}],"inLanguage":"en-US"},{"@type":"Organization","@id":"https:\/\/pannkaka2go.com\/#organization","name":"Pannkaka 2 go","url":"https:\/\/pannkaka2go.com\/","logo":{"@type":"ImageObject","inLanguage":"en-US","@id":"https:\/\/pannkaka2go.com\/#\/schema\/logo\/image\/","url":"https:\/\/pannkaka2go.com\/wp-content\/uploads\/2025\/01\/LOGO_FINAL.png","contentUrl":"https:\/\/pannkaka2go.com\/wp-content\/uploads\/2025\/01\/LOGO_FINAL.png","width":300,"height":214,"caption":"Pannkaka 2 go"},"image":{"@id":"https:\/\/pannkaka2go.com\/#\/schema\/logo\/image\/"},"sameAs":["https:\/\/www.facebook.com\/pannkaka2go"]}]}},"_links":{"self":[{"href":"https:\/\/pannkaka2go.com\/index.php?rest_route=\/wp\/v2\/pages\/196","targetHints":{"allow":["GET"]}}],"collection":[{"href":"https:\/\/pannkaka2go.com\/index.php?rest_route=\/wp\/v2\/pages"}],"about":[{"href":"https:\/\/pannkaka2go.com\/index.php?rest_route=\/wp\/v2\/types\/page"}],"author":[{"embeddable":true,"href":"https:\/\/pannkaka2go.com\/index.php?rest_route=\/wp\/v2\/users\/1"}],"replies":[{"embeddable":true,"href":"https:\/\/pannkaka2go.com\/index.php?rest_route=%2Fwp%2Fv2%2Fcomments&post=196"}],"version-history":[{"count":6,"href":"https:\/\/pannkaka2go.com\/index.php?rest_route=\/wp\/v2\/pages\/196\/revisions"}],"predecessor-version":[{"id":203,"href":"https:\/\/pannkaka2go.com\/index.php?rest_route=\/wp\/v2\/pages\/196\/revisions\/203"}],"wp:attachment":[{"href":"https:\/\/pannkaka2go.com\/index.php?rest_route=%2Fwp%2Fv2%2Fmedia&parent=196"}],"curies":[{"name":"wp","href":"https:\/\/api.w.org\/{rel}","templated":true}]}}