{"id":44,"date":"2025-02-03T08:29:01","date_gmt":"2025-02-03T08:29:01","guid":{"rendered":"https:\/\/pannkaka2go.com\/?page_id=44"},"modified":"2025-11-10T08:40:36","modified_gmt":"2025-11-10T08:40:36","slug":"om-oss","status":"publish","type":"page","link":"https:\/\/pannkaka2go.com\/?page_id=44","title":{"rendered":"Om oss"},"content":{"rendered":"<div class=\"wpb-content-wrapper\"><p>[vc_row full_width=&#8221;stretch_row_content&#8221;][vc_column width=&#8221;1\/3&#8243;][vc_single_image image=&#8221;126&#8243; img_size=&#8221;large&#8221; alignment=&#8221;center&#8221; css_animation=&#8221;fadeInLeft&#8221;][\/vc_column][vc_column width=&#8221;1\/3&#8243;][vc_empty_space][vc_custom_heading text=&#8221;Om oss&#8221; font_container=&#8221;tag:h1|text_align:center&#8221; use_theme_fonts=&#8221;yes&#8221; css_animation=&#8221;fadeInDown&#8221;][vc_separator color=&#8221;custom&#8221; el_width=&#8221;50&#8243; css_animation=&#8221;fadeIn&#8221; accent_color=&#8221;#5e5e5e&#8221;][vc_column_text css_animation=&#8221;fadeInUp&#8221;]<\/p>\n<p dir=\"ltr\" style=\"text-align: center;\">V\u00e5r ber\u00e4ttelse b\u00f6rjar i barndomen \u2013 med doften av nygr\u00e4ddade pannkakor, str\u00f6dda med socker och valn\u00f6tter, ringlade med sm\u00e4lt choklad eller bredda med hemlagad plommonsylt. Den enkla njutningen v\u00e4xte till en passion som har f\u00f6rt oss hit.<\/p>\n<p dir=\"ltr\" style=\"text-align: center;\">Ur den k\u00e4rleken f\u00f6ddes v\u00e5rt lilla familjef\u00f6retag. Vi \u00e4r inte bara en plats d\u00e4r pannkakor gr\u00e4ddas \u2013 vi skapar smaker som v\u00e4cker minnen och bjuder p\u00e5 nya upplevelser. Vi g\u00f6r pannkakor som p\u00e5minner om hemmet, men ocks\u00e5 s\u00e5dana som \u00f6verraskar med oemotst\u00e5ndliga smakkombinationer.<\/p>\n<p dir=\"ltr\" style=\"text-align: center;\">F\u00f6r ibland \u00e4r det just de enklaste smakerna som stannar kvar l\u00e4ngst i minnet.<\/p>\n<p>[\/vc_column_text][vc_separator color=&#8221;custom&#8221; el_width=&#8221;50&#8243; css_animation=&#8221;fadeIn&#8221; accent_color=&#8221;#5e5e5e&#8221;][\/vc_column][vc_column width=&#8221;1\/3&#8243;][vc_single_image image=&#8221;204&#8243; img_size=&#8221;large&#8221; alignment=&#8221;center&#8221; css_animation=&#8221;fadeInRight&#8221;][\/vc_column][\/vc_row][vc_row][vc_column width=&#8221;1\/3&#8243;][\/vc_column][vc_column width=&#8221;1\/3&#8243;][\/vc_column][vc_column width=&#8221;1\/3&#8243;][\/vc_column][\/vc_row]<\/p>\n<\/div>","protected":false},"excerpt":{"rendered":"<p>[vc_row full_width=&#8221;stretch_row_content&#8221;][vc_column width=&#8221;1\/3&#8243;][vc_single_image image=&#8221;126&#8243; img_size=&#8221;large&#8221; alignment=&#8221;center&#8221; css_animation=&#8221;fadeInLeft&#8221;][\/vc_column][vc_column width=&#8221;1\/3&#8243;][vc_empty_space][vc_custom_heading text=&#8221;Om oss&#8221; font_container=&#8221;tag:h1|text_align:center&#8221; use_theme_fonts=&#8221;yes&#8221; css_animation=&#8221;fadeInDown&#8221;][vc_separator color=&#8221;custom&#8221; el_width=&#8221;50&#8243; css_animation=&#8221;fadeIn&#8221; accent_color=&#8221;#5e5e5e&#8221;][vc_column_text css_animation=&#8221;fadeInUp&#8221;] V\u00e5r ber\u00e4ttelse b\u00f6rjar i barndomen \u2013 med doften av nygr\u00e4ddade pannkakor, str\u00f6dda med socker och valn\u00f6tter, ringlade med sm\u00e4lt choklad eller bredda med hemlagad plommonsylt. Den enkla njutningen v\u00e4xte till en passion som har f\u00f6rt oss hit. [&hellip;]<\/p>\n","protected":false},"author":1,"featured_media":0,"parent":0,"menu_order":0,"comment_status":"closed","ping_status":"closed","template":"","meta":{"ocean_post_layout":"","ocean_both_sidebars_style":"","ocean_both_sidebars_content_width":0,"ocean_both_sidebars_sidebars_width":0,"ocean_sidebar":"","ocean_second_sidebar":"","ocean_disable_margins":"enable","ocean_add_body_class":"","ocean_shortcode_before_top_bar":"","ocean_shortcode_after_top_bar":"","ocean_shortcode_before_header":"","ocean_shortcode_after_header":"","ocean_has_shortcode":"","ocean_shortcode_after_title":"","ocean_shortcode_before_footer_widgets":"","ocean_shortcode_after_footer_widgets":"","ocean_shortcode_before_footer_bottom":"","ocean_shortcode_after_footer_bottom":"","ocean_display_top_bar":"default","ocean_display_header":"default","ocean_header_style":"","ocean_center_header_left_menu":"","ocean_custom_header_template":"","ocean_custom_logo":0,"ocean_custom_retina_logo":0,"ocean_custom_logo_max_width":0,"ocean_custom_logo_tablet_max_width":0,"ocean_custom_logo_mobile_max_width":0,"ocean_custom_logo_max_height":0,"ocean_custom_logo_tablet_max_height":0,"ocean_custom_logo_mobile_max_height":0,"ocean_header_custom_menu":"","ocean_menu_typo_font_family":"","ocean_menu_typo_font_subset":"","ocean_menu_typo_font_size":0,"ocean_menu_typo_font_size_tablet":0,"ocean_menu_typo_font_size_mobile":0,"ocean_menu_typo_font_size_unit":"px","ocean_menu_typo_font_weight":"","ocean_menu_typo_font_weight_tablet":"","ocean_menu_typo_font_weight_mobile":"","ocean_menu_typo_transform":"","ocean_menu_typo_transform_tablet":"","ocean_menu_typo_transform_mobile":"","ocean_menu_typo_line_height":0,"ocean_menu_typo_line_height_tablet":0,"ocean_menu_typo_line_height_mobile":0,"ocean_menu_typo_line_height_unit":"","ocean_menu_typo_spacing":0,"ocean_menu_typo_spacing_tablet":0,"ocean_menu_typo_spacing_mobile":0,"ocean_menu_typo_spacing_unit":"","ocean_menu_link_color":"","ocean_menu_link_color_hover":"","ocean_menu_link_color_active":"","ocean_menu_link_background":"","ocean_menu_link_hover_background":"","ocean_menu_link_active_background":"","ocean_menu_social_links_bg":"","ocean_menu_social_hover_links_bg":"","ocean_menu_social_links_color":"","ocean_menu_social_hover_links_color":"","ocean_disable_title":"default","ocean_disable_heading":"default","ocean_post_title":"","ocean_post_subheading":"","ocean_post_title_style":"","ocean_post_title_background_color":"","ocean_post_title_background":0,"ocean_post_title_bg_image_position":"","ocean_post_title_bg_image_attachment":"","ocean_post_title_bg_image_repeat":"","ocean_post_title_bg_image_size":"","ocean_post_title_height":0,"ocean_post_title_bg_overlay":0.5,"ocean_post_title_bg_overlay_color":"","ocean_disable_breadcrumbs":"default","ocean_breadcrumbs_color":"","ocean_breadcrumbs_separator_color":"","ocean_breadcrumbs_links_color":"","ocean_breadcrumbs_links_hover_color":"","ocean_display_footer_widgets":"default","ocean_display_footer_bottom":"default","ocean_custom_footer_template":"","footnotes":""},"class_list":["post-44","page","type-page","status-publish","hentry","entry"],"yoast_head":"<!-- This site is optimized with the Yoast SEO plugin v24.5 - https:\/\/yoast.com\/wordpress\/plugins\/seo\/ -->\n<title>Om oss - Pannkaka 2 go<\/title>\n<meta name=\"robots\" content=\"index, follow, max-snippet:-1, max-image-preview:large, max-video-preview:-1\" \/>\n<link rel=\"canonical\" href=\"https:\/\/pannkaka2go.com\/?page_id=44\" \/>\n<meta property=\"og:locale\" content=\"en_US\" \/>\n<meta property=\"og:type\" content=\"article\" \/>\n<meta property=\"og:title\" content=\"Om oss - Pannkaka 2 go\" \/>\n<meta property=\"og:description\" content=\"[vc_row full_width=&#8221;stretch_row_content&#8221;][vc_column width=&#8221;1\/3&#8243;][vc_single_image image=&#8221;126&#8243; img_size=&#8221;large&#8221; alignment=&#8221;center&#8221; css_animation=&#8221;fadeInLeft&#8221;][\/vc_column][vc_column width=&#8221;1\/3&#8243;][vc_empty_space][vc_custom_heading text=&#8221;Om oss&#8221; font_container=&#8221;tag:h1|text_align:center&#8221; use_theme_fonts=&#8221;yes&#8221; css_animation=&#8221;fadeInDown&#8221;][vc_separator color=&#8221;custom&#8221; el_width=&#8221;50&#8243; css_animation=&#8221;fadeIn&#8221; accent_color=&#8221;#5e5e5e&#8221;][vc_column_text css_animation=&#8221;fadeInUp&#8221;] V\u00e5r ber\u00e4ttelse b\u00f6rjar i barndomen \u2013 med doften av nygr\u00e4ddade pannkakor, str\u00f6dda med socker och valn\u00f6tter, ringlade med sm\u00e4lt choklad eller bredda med hemlagad plommonsylt. Den enkla njutningen v\u00e4xte till en passion som har f\u00f6rt oss hit. [&hellip;]\" \/>\n<meta property=\"og:url\" content=\"https:\/\/pannkaka2go.com\/?page_id=44\" \/>\n<meta property=\"og:site_name\" content=\"Pannkaka 2 go\" \/>\n<meta property=\"article:publisher\" content=\"https:\/\/www.facebook.com\/pannkaka2go\" \/>\n<meta property=\"article:modified_time\" content=\"2025-11-10T08:40:36+00:00\" \/>\n<meta name=\"twitter:card\" content=\"summary_large_image\" \/>\n<meta name=\"twitter:label1\" content=\"Est. reading time\" \/>\n\t<meta name=\"twitter:data1\" content=\"1 minute\" \/>\n<script type=\"application\/ld+json\" class=\"yoast-schema-graph\">{\"@context\":\"https:\/\/schema.org\",\"@graph\":[{\"@type\":\"WebPage\",\"@id\":\"https:\/\/pannkaka2go.com\/?page_id=44\",\"url\":\"https:\/\/pannkaka2go.com\/?page_id=44\",\"name\":\"Om oss - Pannkaka 2 go\",\"isPartOf\":{\"@id\":\"https:\/\/pannkaka2go.com\/#website\"},\"datePublished\":\"2025-02-03T08:29:01+00:00\",\"dateModified\":\"2025-11-10T08:40:36+00:00\",\"breadcrumb\":{\"@id\":\"https:\/\/pannkaka2go.com\/?page_id=44#breadcrumb\"},\"inLanguage\":\"en-US\",\"potentialAction\":[{\"@type\":\"ReadAction\",\"target\":[\"https:\/\/pannkaka2go.com\/?page_id=44\"]}]},{\"@type\":\"BreadcrumbList\",\"@id\":\"https:\/\/pannkaka2go.com\/?page_id=44#breadcrumb\",\"itemListElement\":[{\"@type\":\"ListItem\",\"position\":1,\"name\":\"Home\",\"item\":\"https:\/\/pannkaka2go.com\/\"},{\"@type\":\"ListItem\",\"position\":2,\"name\":\"Om oss\"}]},{\"@type\":\"WebSite\",\"@id\":\"https:\/\/pannkaka2go.com\/#website\",\"url\":\"https:\/\/pannkaka2go.com\/\",\"name\":\"Pannkaka 2 go\",\"description\":\"\",\"publisher\":{\"@id\":\"https:\/\/pannkaka2go.com\/#organization\"},\"potentialAction\":[{\"@type\":\"SearchAction\",\"target\":{\"@type\":\"EntryPoint\",\"urlTemplate\":\"https:\/\/pannkaka2go.com\/?s={search_term_string}\"},\"query-input\":{\"@type\":\"PropertyValueSpecification\",\"valueRequired\":true,\"valueName\":\"search_term_string\"}}],\"inLanguage\":\"en-US\"},{\"@type\":\"Organization\",\"@id\":\"https:\/\/pannkaka2go.com\/#organization\",\"name\":\"Pannkaka 2 go\",\"url\":\"https:\/\/pannkaka2go.com\/\",\"logo\":{\"@type\":\"ImageObject\",\"inLanguage\":\"en-US\",\"@id\":\"https:\/\/pannkaka2go.com\/#\/schema\/logo\/image\/\",\"url\":\"https:\/\/pannkaka2go.com\/wp-content\/uploads\/2025\/01\/LOGO_FINAL.png\",\"contentUrl\":\"https:\/\/pannkaka2go.com\/wp-content\/uploads\/2025\/01\/LOGO_FINAL.png\",\"width\":300,\"height\":214,\"caption\":\"Pannkaka 2 go\"},\"image\":{\"@id\":\"https:\/\/pannkaka2go.com\/#\/schema\/logo\/image\/\"},\"sameAs\":[\"https:\/\/www.facebook.com\/pannkaka2go\"]}]}<\/script>\n<!-- \/ Yoast SEO plugin. -->","yoast_head_json":{"title":"Om oss - Pannkaka 2 go","robots":{"index":"index","follow":"follow","max-snippet":"max-snippet:-1","max-image-preview":"max-image-preview:large","max-video-preview":"max-video-preview:-1"},"canonical":"https:\/\/pannkaka2go.com\/?page_id=44","og_locale":"en_US","og_type":"article","og_title":"Om oss - Pannkaka 2 go","og_description":"[vc_row full_width=&#8221;stretch_row_content&#8221;][vc_column width=&#8221;1\/3&#8243;][vc_single_image image=&#8221;126&#8243; img_size=&#8221;large&#8221; alignment=&#8221;center&#8221; css_animation=&#8221;fadeInLeft&#8221;][\/vc_column][vc_column width=&#8221;1\/3&#8243;][vc_empty_space][vc_custom_heading text=&#8221;Om oss&#8221; font_container=&#8221;tag:h1|text_align:center&#8221; use_theme_fonts=&#8221;yes&#8221; css_animation=&#8221;fadeInDown&#8221;][vc_separator color=&#8221;custom&#8221; el_width=&#8221;50&#8243; css_animation=&#8221;fadeIn&#8221; accent_color=&#8221;#5e5e5e&#8221;][vc_column_text css_animation=&#8221;fadeInUp&#8221;] V\u00e5r ber\u00e4ttelse b\u00f6rjar i barndomen \u2013 med doften av nygr\u00e4ddade pannkakor, str\u00f6dda med socker och valn\u00f6tter, ringlade med sm\u00e4lt choklad eller bredda med hemlagad plommonsylt. Den enkla njutningen v\u00e4xte till en passion som har f\u00f6rt oss hit. [&hellip;]","og_url":"https:\/\/pannkaka2go.com\/?page_id=44","og_site_name":"Pannkaka 2 go","article_publisher":"https:\/\/www.facebook.com\/pannkaka2go","article_modified_time":"2025-11-10T08:40:36+00:00","twitter_card":"summary_large_image","twitter_misc":{"Est. reading time":"1 minute"},"schema":{"@context":"https:\/\/schema.org","@graph":[{"@type":"WebPage","@id":"https:\/\/pannkaka2go.com\/?page_id=44","url":"https:\/\/pannkaka2go.com\/?page_id=44","name":"Om oss - Pannkaka 2 go","isPartOf":{"@id":"https:\/\/pannkaka2go.com\/#website"},"datePublished":"2025-02-03T08:29:01+00:00","dateModified":"2025-11-10T08:40:36+00:00","breadcrumb":{"@id":"https:\/\/pannkaka2go.com\/?page_id=44#breadcrumb"},"inLanguage":"en-US","potentialAction":[{"@type":"ReadAction","target":["https:\/\/pannkaka2go.com\/?page_id=44"]}]},{"@type":"BreadcrumbList","@id":"https:\/\/pannkaka2go.com\/?page_id=44#breadcrumb","itemListElement":[{"@type":"ListItem","position":1,"name":"Home","item":"https:\/\/pannkaka2go.com\/"},{"@type":"ListItem","position":2,"name":"Om oss"}]},{"@type":"WebSite","@id":"https:\/\/pannkaka2go.com\/#website","url":"https:\/\/pannkaka2go.com\/","name":"Pannkaka 2 go","description":"","publisher":{"@id":"https:\/\/pannkaka2go.com\/#organization"},"potentialAction":[{"@type":"SearchAction","target":{"@type":"EntryPoint","urlTemplate":"https:\/\/pannkaka2go.com\/?s={search_term_string}"},"query-input":{"@type":"PropertyValueSpecification","valueRequired":true,"valueName":"search_term_string"}}],"inLanguage":"en-US"},{"@type":"Organization","@id":"https:\/\/pannkaka2go.com\/#organization","name":"Pannkaka 2 go","url":"https:\/\/pannkaka2go.com\/","logo":{"@type":"ImageObject","inLanguage":"en-US","@id":"https:\/\/pannkaka2go.com\/#\/schema\/logo\/image\/","url":"https:\/\/pannkaka2go.com\/wp-content\/uploads\/2025\/01\/LOGO_FINAL.png","contentUrl":"https:\/\/pannkaka2go.com\/wp-content\/uploads\/2025\/01\/LOGO_FINAL.png","width":300,"height":214,"caption":"Pannkaka 2 go"},"image":{"@id":"https:\/\/pannkaka2go.com\/#\/schema\/logo\/image\/"},"sameAs":["https:\/\/www.facebook.com\/pannkaka2go"]}]}},"_links":{"self":[{"href":"https:\/\/pannkaka2go.com\/index.php?rest_route=\/wp\/v2\/pages\/44","targetHints":{"allow":["GET"]}}],"collection":[{"href":"https:\/\/pannkaka2go.com\/index.php?rest_route=\/wp\/v2\/pages"}],"about":[{"href":"https:\/\/pannkaka2go.com\/index.php?rest_route=\/wp\/v2\/types\/page"}],"author":[{"embeddable":true,"href":"https:\/\/pannkaka2go.com\/index.php?rest_route=\/wp\/v2\/users\/1"}],"replies":[{"embeddable":true,"href":"https:\/\/pannkaka2go.com\/index.php?rest_route=%2Fwp%2Fv2%2Fcomments&post=44"}],"version-history":[{"count":5,"href":"https:\/\/pannkaka2go.com\/index.php?rest_route=\/wp\/v2\/pages\/44\/revisions"}],"predecessor-version":[{"id":205,"href":"https:\/\/pannkaka2go.com\/index.php?rest_route=\/wp\/v2\/pages\/44\/revisions\/205"}],"wp:attachment":[{"href":"https:\/\/pannkaka2go.com\/index.php?rest_route=%2Fwp%2Fv2%2Fmedia&parent=44"}],"curies":[{"name":"wp","href":"https:\/\/api.w.org\/{rel}","templated":true}]}}