{"id":70,"date":"2025-02-04T08:50:36","date_gmt":"2025-02-04T08:50:36","guid":{"rendered":"https:\/\/pannkaka2go.com\/?page_id=70"},"modified":"2025-03-04T08:11:48","modified_gmt":"2025-03-04T08:11:48","slug":"hem","status":"publish","type":"page","link":"https:\/\/pannkaka2go.com\/","title":{"rendered":"Hem"},"content":{"rendered":"<div class=\"wpb-content-wrapper\"><p>[vc_row][vc_column]\n\t\t\t<!-- START naslovna 1 REVOLUTION SLIDER 6.6.20 --><p class=\"rs-p-wp-fix\"><\/p>\n\t\t\t<rs-module-wrap id=\"rev_slider_3_1_wrapper\" data-source=\"gallery\" style=\"visibility:hidden;background:transparent;padding:0;margin:0px auto;margin-top:0;margin-bottom:0;\">\n\t\t\t\t<rs-module id=\"rev_slider_3_1\" style=\"\" data-version=\"6.6.20\">\n\t\t\t\t\t<rs-slides style=\"overflow: hidden; position: absolute;\">\n\t\t\t\t\t\t<rs-slide style=\"position: absolute;\" data-key=\"rs-4\" data-title=\"Slide\" data-anim=\"f:nodelay;\" data-filter=\"b:2;\" data-in=\"o:0;sx:1.5;sy:1.2;m:true;col:6;\" data-out=\"a:false;\">\n\t\t\t\t\t\t\t<img decoding=\"async\" src=\"\/\/pannkaka2go.com\/wp-content\/plugins\/revslider\/public\/assets\/assets\/dummy.png\" alt=\"\" title=\"pancakes\" width=\"1500\" height=\"700\" class=\"rev-slidebg tp-rs-img rs-lazyload\" data-lazyload=\"\/\/pannkaka2go.com\/wp-content\/uploads\/2025\/02\/pancakes.jpg\" data-no-retina>\n<!--\n\t\t\t\t\t\t\t--><rs-layer\n\t\t\t\t\t\t\t\tid=\"slider-3-slide-4-layer-2\" \n\t\t\t\t\t\t\t\tdata-type=\"shape\"\n\t\t\t\t\t\t\t\tdata-rsp_ch=\"on\"\n\t\t\t\t\t\t\t\tdata-xy=\"x:c;y:m;\"\n\t\t\t\t\t\t\t\tdata-text=\"w:normal;s:20,11,8,8;l:0,14,10,10;\"\n\t\t\t\t\t\t\t\tdata-dim=\"w:1808px,1028px,781px,781px;h:201px,114px,111px,124px;\"\n\t\t\t\t\t\t\t\tdata-frame_1=\"st:780;sp:860;sR:780;\"\n\t\t\t\t\t\t\t\tdata-frame_999=\"o:0;st:w;sR:7360;\"\n\t\t\t\t\t\t\t\tstyle=\"z-index:6;background-color:rgba(63,28,1,0.4);\"\n\t\t\t\t\t\t\t> \n\t\t\t\t\t\t\t<\/rs-layer><!--\n\n\t\t\t\t\t\t\t--><rs-layer\n\t\t\t\t\t\t\t\tid=\"slider-3-slide-4-layer-5\" \n\t\t\t\t\t\t\t\tdata-type=\"text\"\n\t\t\t\t\t\t\t\tdata-rsp_ch=\"on\"\n\t\t\t\t\t\t\t\tdata-xy=\"x:c;xo:-14px,-9px,8px,1px;y:m;yo:0,4px,0,0;\"\n\t\t\t\t\t\t\t\tdata-text=\"w:normal;s:50,40,40,39;l:50,40,40,39;ls:2,1,0,0;a:center;\"\n\t\t\t\t\t\t\t\tdata-dim=\"w:auto,auto,auto,686px;h:auto,auto,auto,82px;minh:0px,none,none,none;\"\n\t\t\t\t\t\t\t\tdata-frame_0=\"x:0,0,0,0px;y:0,0,0,0px;sX:0.9;sY:0.9;\"\n\t\t\t\t\t\t\t\tdata-frame_1=\"x:0,0,0,0px;y:0,0,0,0px;st:1400;sp:1000;sR:1400;\"\n\t\t\t\t\t\t\t\tdata-frame_999=\"o:0;st:w;sR:6600;\"\n\t\t\t\t\t\t\t\tstyle=\"z-index:7;font-family:'Great Vibes';\"\n\t\t\t\t\t\t\t>Pannkakor \u00e4r mer \u00e4n bara en enkel matr\u00e4tt \u2013 de \u00e4r en del av minnen som f\u00f6ljer oss genom hela livet. \n\t\t\t\t\t\t\t<\/rs-layer><!--\n-->\t\t\t\t\t\t<\/rs-slide>\n\t\t\t\t\t<\/rs-slides>\n\t\t\t\t<\/rs-module>\n\t\t\t\t<script>\n\t\t\t\t\tsetREVStartSize({c: 'rev_slider_3_1',rl:[1240,1024,778,480],el:[784,500,350,700],gw:[1800,1024,778,778],gh:[784,500,350,700],type:'standard',justify:'',layout:'fullwidth',mh:\"0\"});if (window.RS_MODULES!==undefined && window.RS_MODULES.modules!==undefined && window.RS_MODULES.modules[\"revslider31\"]!==undefined) {window.RS_MODULES.modules[\"revslider31\"].once = false;window.revapi3 = undefined;if (window.RS_MODULES.checkMinimal!==undefined) window.RS_MODULES.checkMinimal()}\n\t\t\t\t<\/script>\n\t\t\t<\/rs-module-wrap>\n\t\t\t<!-- END REVOLUTION SLIDER -->\n[\/vc_column][\/vc_row][vc_row][vc_column][vc_empty_space height=&#8221;50px&#8221;][\/vc_column][\/vc_row][vc_row][vc_column][vc_custom_heading text=&#8221;Pannkakor&#8221; font_container=&#8221;tag:h1|text_align:center&#8221; use_theme_fonts=&#8221;yes&#8221; css_animation=&#8221;zoomIn&#8221;][\/vc_column][\/vc_row][vc_row][vc_column width=&#8221;1\/6&#8243;][\/vc_column][vc_column width=&#8221;2\/3&#8243;][vc_column_text css_animation=&#8221;zoomIn&#8221;]<\/p>\n<p style=\"text-align: center;\">Varje pannkaka b\u00e4r med sig smaken av barndom och hemmets v\u00e4rme.<br \/>\nDoften av nystekta pannkakor tar oss tillbaka till platser d\u00e4r vi varit som lyckligast.<br \/>\nIbland beh\u00f6vs det bara en pannkaka, ett leende och n\u00e5gon att dela stunden med f\u00f6r att k\u00e4nna lycka.<\/p>\n<p style=\"text-align: center;\">Vad \u00e4r din smak av lycka?<\/p>\n<p style=\"text-align: center;\"><a href=\"https:\/\/pannkaka2go.com\/?page_id=42\">Titta p\u00e5 v\u00e5r meny.<\/a><\/p>\n<p>[\/vc_column_text][\/vc_column][vc_column width=&#8221;1\/6&#8243;][\/vc_column][\/vc_row][vc_row full_width=&#8221;stretch_row_content&#8221; css_animation=&#8221;zoomIn&#8221;][vc_column width=&#8221;1\/3&#8243;][vc_single_image image=&#8221;92&#8243; img_size=&#8221;large&#8221;][\/vc_column][vc_column width=&#8221;1\/3&#8243;][vc_single_image image=&#8221;93&#8243; img_size=&#8221;large&#8221;][\/vc_column][vc_column width=&#8221;1\/3&#8243;][vc_single_image image=&#8221;94&#8243; img_size=&#8221;large&#8221;][\/vc_column][\/vc_row][vc_row][vc_column][vc_empty_space height=&#8221;50px&#8221;][\/vc_column][\/vc_row][vc_row][vc_column][vc_custom_heading text=&#8221;Om oss&#8221; font_container=&#8221;tag:h1|text_align:center&#8221; use_theme_fonts=&#8221;yes&#8221; css_animation=&#8221;zoomIn&#8221;][\/vc_column][\/vc_row][vc_row][vc_column width=&#8221;1\/6&#8243;][\/vc_column][vc_column width=&#8221;2\/3&#8243;][vc_column_text css_animation=&#8221;zoomIn&#8221;]<\/p>\n<p style=\"text-align: center;\">V\u00e5r ber\u00e4ttelse b\u00f6rjar i barndomen \u2013 med doften av nygr\u00e4ddade pannkakor, str\u00f6dda med socker och valn\u00f6tter, ringlade med sm\u00e4lt choklad eller bredda med hemlagad plommonsylt. Den enkla njutningen v\u00e4xte till en passion som har f\u00f6rt oss hit.<\/p>\n<p style=\"text-align: center;\"><a href=\"https:\/\/pannkaka2go.com\/?page_id=44\">L\u00e4r dig mer&#8230;<\/a><\/p>\n<p>[\/vc_column_text][\/vc_column][vc_column width=&#8221;1\/6&#8243;][\/vc_column][\/vc_row][vc_row][vc_column][vc_single_image image=&#8221;106&#8243; img_size=&#8221;large&#8221; alignment=&#8221;center&#8221;][\/vc_column][\/vc_row]<\/p>\n<\/div>","protected":false},"excerpt":{"rendered":"<p>[vc_row][vc_column][\/vc_column][\/vc_row][vc_row][vc_column][vc_empty_space height=&#8221;50px&#8221;][\/vc_column][\/vc_row][vc_row][vc_column][vc_custom_heading text=&#8221;Pannkakor&#8221; font_container=&#8221;tag:h1|text_align:center&#8221; use_theme_fonts=&#8221;yes&#8221; css_animation=&#8221;zoomIn&#8221;][\/vc_column][\/vc_row][vc_row][vc_column width=&#8221;1\/6&#8243;][\/vc_column][vc_column width=&#8221;2\/3&#8243;][vc_column_text css_animation=&#8221;zoomIn&#8221;] Varje pannkaka b\u00e4r med sig smaken av barndom och hemmets v\u00e4rme. Doften av nystekta pannkakor tar oss tillbaka till platser d\u00e4r vi varit som lyckligast. Ibland beh\u00f6vs det bara en pannkaka, ett leende och n\u00e5gon att dela stunden med f\u00f6r att k\u00e4nna lycka. Vad \u00e4r din [&hellip;]<\/p>\n","protected":false},"author":1,"featured_media":0,"parent":0,"menu_order":0,"comment_status":"closed","ping_status":"closed","template":"","meta":{"ocean_post_layout":"","ocean_both_sidebars_style":"","ocean_both_sidebars_content_width":0,"ocean_both_sidebars_sidebars_width":0,"ocean_sidebar":"","ocean_second_sidebar":"","ocean_disable_margins":"enable","ocean_add_body_class":"","ocean_shortcode_before_top_bar":"","ocean_shortcode_after_top_bar":"","ocean_shortcode_before_header":"","ocean_shortcode_after_header":"","ocean_has_shortcode":"","ocean_shortcode_after_title":"","ocean_shortcode_before_footer_widgets":"","ocean_shortcode_after_footer_widgets":"","ocean_shortcode_before_footer_bottom":"","ocean_shortcode_after_footer_bottom":"","ocean_display_top_bar":"default","ocean_display_header":"default","ocean_header_style":"","ocean_center_header_left_menu":"","ocean_custom_header_template":"","ocean_custom_logo":0,"ocean_custom_retina_logo":0,"ocean_custom_logo_max_width":0,"ocean_custom_logo_tablet_max_width":0,"ocean_custom_logo_mobile_max_width":0,"ocean_custom_logo_max_height":0,"ocean_custom_logo_tablet_max_height":0,"ocean_custom_logo_mobile_max_height":0,"ocean_header_custom_menu":"","ocean_menu_typo_font_family":"","ocean_menu_typo_font_subset":"","ocean_menu_typo_font_size":0,"ocean_menu_typo_font_size_tablet":0,"ocean_menu_typo_font_size_mobile":0,"ocean_menu_typo_font_size_unit":"px","ocean_menu_typo_font_weight":"","ocean_menu_typo_font_weight_tablet":"","ocean_menu_typo_font_weight_mobile":"","ocean_menu_typo_transform":"","ocean_menu_typo_transform_tablet":"","ocean_menu_typo_transform_mobile":"","ocean_menu_typo_line_height":0,"ocean_menu_typo_line_height_tablet":0,"ocean_menu_typo_line_height_mobile":0,"ocean_menu_typo_line_height_unit":"","ocean_menu_typo_spacing":0,"ocean_menu_typo_spacing_tablet":0,"ocean_menu_typo_spacing_mobile":0,"ocean_menu_typo_spacing_unit":"","ocean_menu_link_color":"","ocean_menu_link_color_hover":"","ocean_menu_link_color_active":"","ocean_menu_link_background":"","ocean_menu_link_hover_background":"","ocean_menu_link_active_background":"","ocean_menu_social_links_bg":"","ocean_menu_social_hover_links_bg":"","ocean_menu_social_links_color":"","ocean_menu_social_hover_links_color":"","ocean_disable_title":"default","ocean_disable_heading":"default","ocean_post_title":"","ocean_post_subheading":"","ocean_post_title_style":"","ocean_post_title_background_color":"","ocean_post_title_background":0,"ocean_post_title_bg_image_position":"","ocean_post_title_bg_image_attachment":"","ocean_post_title_bg_image_repeat":"","ocean_post_title_bg_image_size":"","ocean_post_title_height":0,"ocean_post_title_bg_overlay":0.5,"ocean_post_title_bg_overlay_color":"","ocean_disable_breadcrumbs":"default","ocean_breadcrumbs_color":"","ocean_breadcrumbs_separator_color":"","ocean_breadcrumbs_links_color":"","ocean_breadcrumbs_links_hover_color":"","ocean_display_footer_widgets":"default","ocean_display_footer_bottom":"default","ocean_custom_footer_template":"","footnotes":""},"class_list":["post-70","page","type-page","status-publish","hentry","entry"],"yoast_head":"<!-- This site is optimized with the Yoast SEO plugin v24.5 - https:\/\/yoast.com\/wordpress\/plugins\/seo\/ -->\n<title>Pannkaka 2 go<\/title>\n<meta name=\"robots\" content=\"index, follow, max-snippet:-1, max-image-preview:large, max-video-preview:-1\" \/>\n<link rel=\"canonical\" href=\"https:\/\/pannkaka2go.com\/\" \/>\n<meta property=\"og:locale\" content=\"en_US\" \/>\n<meta property=\"og:type\" content=\"article\" \/>\n<meta property=\"og:title\" content=\"Pannkaka 2 go\" \/>\n<meta property=\"og:description\" content=\"[vc_row][vc_column][\/vc_column][\/vc_row][vc_row][vc_column][vc_empty_space height=&#8221;50px&#8221;][\/vc_column][\/vc_row][vc_row][vc_column][vc_custom_heading text=&#8221;Pannkakor&#8221; font_container=&#8221;tag:h1|text_align:center&#8221; use_theme_fonts=&#8221;yes&#8221; css_animation=&#8221;zoomIn&#8221;][\/vc_column][\/vc_row][vc_row][vc_column width=&#8221;1\/6&#8243;][\/vc_column][vc_column width=&#8221;2\/3&#8243;][vc_column_text css_animation=&#8221;zoomIn&#8221;] Varje pannkaka b\u00e4r med sig smaken av barndom och hemmets v\u00e4rme. Doften av nystekta pannkakor tar oss tillbaka till platser d\u00e4r vi varit som lyckligast. Ibland beh\u00f6vs det bara en pannkaka, ett leende och n\u00e5gon att dela stunden med f\u00f6r att k\u00e4nna lycka. Vad \u00e4r din [&hellip;]\" \/>\n<meta property=\"og:url\" content=\"https:\/\/pannkaka2go.com\/\" \/>\n<meta property=\"og:site_name\" content=\"Pannkaka 2 go\" \/>\n<meta property=\"article:publisher\" content=\"https:\/\/www.facebook.com\/pannkaka2go\" \/>\n<meta property=\"article:modified_time\" content=\"2025-03-04T08:11:48+00:00\" \/>\n<meta name=\"twitter:card\" content=\"summary_large_image\" \/>\n<meta name=\"twitter:label1\" content=\"Est. reading time\" \/>\n\t<meta name=\"twitter:data1\" content=\"1 minute\" \/>\n<script type=\"application\/ld+json\" class=\"yoast-schema-graph\">{\"@context\":\"https:\/\/schema.org\",\"@graph\":[{\"@type\":\"WebPage\",\"@id\":\"https:\/\/pannkaka2go.com\/\",\"url\":\"https:\/\/pannkaka2go.com\/\",\"name\":\"Pannkaka 2 go\",\"isPartOf\":{\"@id\":\"https:\/\/pannkaka2go.com\/#website\"},\"datePublished\":\"2025-02-04T08:50:36+00:00\",\"dateModified\":\"2025-03-04T08:11:48+00:00\",\"breadcrumb\":{\"@id\":\"https:\/\/pannkaka2go.com\/#breadcrumb\"},\"inLanguage\":\"en-US\",\"potentialAction\":[{\"@type\":\"ReadAction\",\"target\":[\"https:\/\/pannkaka2go.com\/\"]}]},{\"@type\":\"BreadcrumbList\",\"@id\":\"https:\/\/pannkaka2go.com\/#breadcrumb\",\"itemListElement\":[{\"@type\":\"ListItem\",\"position\":1,\"name\":\"Home\",\"item\":\"https:\/\/pannkaka2go.com\/\"},{\"@type\":\"ListItem\",\"position\":2,\"name\":\"Hem\"}]},{\"@type\":\"WebSite\",\"@id\":\"https:\/\/pannkaka2go.com\/#website\",\"url\":\"https:\/\/pannkaka2go.com\/\",\"name\":\"Pannkaka 2 go\",\"description\":\"\",\"publisher\":{\"@id\":\"https:\/\/pannkaka2go.com\/#organization\"},\"potentialAction\":[{\"@type\":\"SearchAction\",\"target\":{\"@type\":\"EntryPoint\",\"urlTemplate\":\"https:\/\/pannkaka2go.com\/?s={search_term_string}\"},\"query-input\":{\"@type\":\"PropertyValueSpecification\",\"valueRequired\":true,\"valueName\":\"search_term_string\"}}],\"inLanguage\":\"en-US\"},{\"@type\":\"Organization\",\"@id\":\"https:\/\/pannkaka2go.com\/#organization\",\"name\":\"Pannkaka 2 go\",\"url\":\"https:\/\/pannkaka2go.com\/\",\"logo\":{\"@type\":\"ImageObject\",\"inLanguage\":\"en-US\",\"@id\":\"https:\/\/pannkaka2go.com\/#\/schema\/logo\/image\/\",\"url\":\"https:\/\/pannkaka2go.com\/wp-content\/uploads\/2025\/01\/LOGO_FINAL.png\",\"contentUrl\":\"https:\/\/pannkaka2go.com\/wp-content\/uploads\/2025\/01\/LOGO_FINAL.png\",\"width\":300,\"height\":214,\"caption\":\"Pannkaka 2 go\"},\"image\":{\"@id\":\"https:\/\/pannkaka2go.com\/#\/schema\/logo\/image\/\"},\"sameAs\":[\"https:\/\/www.facebook.com\/pannkaka2go\"]}]}<\/script>\n<!-- \/ Yoast SEO plugin. -->","yoast_head_json":{"title":"Pannkaka 2 go","robots":{"index":"index","follow":"follow","max-snippet":"max-snippet:-1","max-image-preview":"max-image-preview:large","max-video-preview":"max-video-preview:-1"},"canonical":"https:\/\/pannkaka2go.com\/","og_locale":"en_US","og_type":"article","og_title":"Pannkaka 2 go","og_description":"[vc_row][vc_column][\/vc_column][\/vc_row][vc_row][vc_column][vc_empty_space height=&#8221;50px&#8221;][\/vc_column][\/vc_row][vc_row][vc_column][vc_custom_heading text=&#8221;Pannkakor&#8221; font_container=&#8221;tag:h1|text_align:center&#8221; use_theme_fonts=&#8221;yes&#8221; css_animation=&#8221;zoomIn&#8221;][\/vc_column][\/vc_row][vc_row][vc_column width=&#8221;1\/6&#8243;][\/vc_column][vc_column width=&#8221;2\/3&#8243;][vc_column_text css_animation=&#8221;zoomIn&#8221;] Varje pannkaka b\u00e4r med sig smaken av barndom och hemmets v\u00e4rme. Doften av nystekta pannkakor tar oss tillbaka till platser d\u00e4r vi varit som lyckligast. Ibland beh\u00f6vs det bara en pannkaka, ett leende och n\u00e5gon att dela stunden med f\u00f6r att k\u00e4nna lycka. Vad \u00e4r din [&hellip;]","og_url":"https:\/\/pannkaka2go.com\/","og_site_name":"Pannkaka 2 go","article_publisher":"https:\/\/www.facebook.com\/pannkaka2go","article_modified_time":"2025-03-04T08:11:48+00:00","twitter_card":"summary_large_image","twitter_misc":{"Est. reading time":"1 minute"},"schema":{"@context":"https:\/\/schema.org","@graph":[{"@type":"WebPage","@id":"https:\/\/pannkaka2go.com\/","url":"https:\/\/pannkaka2go.com\/","name":"Pannkaka 2 go","isPartOf":{"@id":"https:\/\/pannkaka2go.com\/#website"},"datePublished":"2025-02-04T08:50:36+00:00","dateModified":"2025-03-04T08:11:48+00:00","breadcrumb":{"@id":"https:\/\/pannkaka2go.com\/#breadcrumb"},"inLanguage":"en-US","potentialAction":[{"@type":"ReadAction","target":["https:\/\/pannkaka2go.com\/"]}]},{"@type":"BreadcrumbList","@id":"https:\/\/pannkaka2go.com\/#breadcrumb","itemListElement":[{"@type":"ListItem","position":1,"name":"Home","item":"https:\/\/pannkaka2go.com\/"},{"@type":"ListItem","position":2,"name":"Hem"}]},{"@type":"WebSite","@id":"https:\/\/pannkaka2go.com\/#website","url":"https:\/\/pannkaka2go.com\/","name":"Pannkaka 2 go","description":"","publisher":{"@id":"https:\/\/pannkaka2go.com\/#organization"},"potentialAction":[{"@type":"SearchAction","target":{"@type":"EntryPoint","urlTemplate":"https:\/\/pannkaka2go.com\/?s={search_term_string}"},"query-input":{"@type":"PropertyValueSpecification","valueRequired":true,"valueName":"search_term_string"}}],"inLanguage":"en-US"},{"@type":"Organization","@id":"https:\/\/pannkaka2go.com\/#organization","name":"Pannkaka 2 go","url":"https:\/\/pannkaka2go.com\/","logo":{"@type":"ImageObject","inLanguage":"en-US","@id":"https:\/\/pannkaka2go.com\/#\/schema\/logo\/image\/","url":"https:\/\/pannkaka2go.com\/wp-content\/uploads\/2025\/01\/LOGO_FINAL.png","contentUrl":"https:\/\/pannkaka2go.com\/wp-content\/uploads\/2025\/01\/LOGO_FINAL.png","width":300,"height":214,"caption":"Pannkaka 2 go"},"image":{"@id":"https:\/\/pannkaka2go.com\/#\/schema\/logo\/image\/"},"sameAs":["https:\/\/www.facebook.com\/pannkaka2go"]}]}},"_links":{"self":[{"href":"https:\/\/pannkaka2go.com\/index.php?rest_route=\/wp\/v2\/pages\/70","targetHints":{"allow":["GET"]}}],"collection":[{"href":"https:\/\/pannkaka2go.com\/index.php?rest_route=\/wp\/v2\/pages"}],"about":[{"href":"https:\/\/pannkaka2go.com\/index.php?rest_route=\/wp\/v2\/types\/page"}],"author":[{"embeddable":true,"href":"https:\/\/pannkaka2go.com\/index.php?rest_route=\/wp\/v2\/users\/1"}],"replies":[{"embeddable":true,"href":"https:\/\/pannkaka2go.com\/index.php?rest_route=%2Fwp%2Fv2%2Fcomments&post=70"}],"version-history":[{"count":18,"href":"https:\/\/pannkaka2go.com\/index.php?rest_route=\/wp\/v2\/pages\/70\/revisions"}],"predecessor-version":[{"id":190,"href":"https:\/\/pannkaka2go.com\/index.php?rest_route=\/wp\/v2\/pages\/70\/revisions\/190"}],"wp:attachment":[{"href":"https:\/\/pannkaka2go.com\/index.php?rest_route=%2Fwp%2Fv2%2Fmedia&parent=70"}],"curies":[{"name":"wp","href":"https:\/\/api.w.org\/{rel}","templated":true}]}}